{"id":9903,"date":"2025-08-26T17:27:18","date_gmt":"2025-08-26T14:27:18","guid":{"rendered":"https:\/\/docnova.ai\/?page_id=9903"},"modified":"2025-09-05T11:47:01","modified_gmt":"2025-09-05T08:47:01","slug":"nouvelles","status":"publish","type":"page","link":"https:\/\/docnova.ai\/fr\/news\/","title":{"rendered":"Nouvelles"},"content":{"rendered":"<style>.kb-row-layout-id9903_6d0121-6f > .kt-row-column-wrap{align-content:start;}:where(.kb-row-layout-id9903_6d0121-6f > .kt-row-column-wrap) > .wp-block-kadence-column{justify-content:start;}.kb-row-layout-id9903_6d0121-6f > .kt-row-column-wrap{column-gap:var(--global-kb-gap-md, 2rem);row-gap:var(--global-kb-gap-md, 2rem);padding-bottom:0px;grid-template-columns:minmax(0, 1fr);}.kb-row-layout-id9903_6d0121-6f > .kt-row-layout-overlay{opacity:0.30;}@media all and (max-width: 1024px){.kb-row-layout-id9903_6d0121-6f > .kt-row-column-wrap{grid-template-columns:minmax(0, 1fr);}}@media all and (max-width: 767px){.kb-row-layout-id9903_6d0121-6f > .kt-row-column-wrap{grid-template-columns:minmax(0, 1fr);}}<\/style><div class=\"kb-row-layout-wrap kb-row-layout-id9903_6d0121-6f alignnone wp-block-kadence-rowlayout\"><div class=\"kt-row-column-wrap kt-has-1-columns kt-row-layout-equal kt-tab-layout-inherit kt-mobile-layout-row kt-row-valign-top\">\n<style>.kadence-column9903_12e72a-77 > .kt-inside-inner-col{padding-bottom:0px;}.kadence-column9903_12e72a-77 > .kt-inside-inner-col,.kadence-column9903_12e72a-77 > .kt-inside-inner-col:before{border-top-left-radius:0px;border-top-right-radius:0px;border-bottom-right-radius:0px;border-bottom-left-radius:0px;}.kadence-column9903_12e72a-77 > .kt-inside-inner-col{column-gap:var(--global-kb-gap-sm, 1rem);}.kadence-column9903_12e72a-77 > .kt-inside-inner-col{flex-direction:column;}.kadence-column9903_12e72a-77 > .kt-inside-inner-col > .aligncenter{width:100%;}.kadence-column9903_12e72a-77 > .kt-inside-inner-col:before{opacity:0.3;}.kadence-column9903_12e72a-77{position:relative;}.kadence-column9903_12e72a-77, .kt-inside-inner-col > .kadence-column9903_12e72a-77:not(.specificity){margin-bottom:0px;}@media all and (max-width: 1024px){.kadence-column9903_12e72a-77 > .kt-inside-inner-col{flex-direction:column;justify-content:center;}}@media all and (max-width: 767px){.kadence-column9903_12e72a-77 > .kt-inside-inner-col{flex-direction:column;justify-content:center;}}<\/style>\n<div class=\"wp-block-kadence-column kadence-column9903_12e72a-77\"><div class=\"kt-inside-inner-col\">\n<h1 class=\"wp-block-heading has-text-align-center has-large-font-size\" style=\"margin-top:0;margin-right:0;margin-bottom:0;margin-left:0;padding-top:var(--wp--preset--spacing--60);padding-bottom:0\">Latest News<\/h1>\n<\/div><\/div>\n\n<\/div><\/div>\n\n<style>.kb-row-layout-id9903_d1e1ed-78 > .kt-row-column-wrap{align-content:start;}:where(.kb-row-layout-id9903_d1e1ed-78 > .kt-row-column-wrap) > .wp-block-kadence-column{justify-content:start;}.kb-row-layout-id9903_d1e1ed-78 > .kt-row-column-wrap{column-gap:var(--global-kb-gap-md, 2rem);row-gap:var(--global-kb-gap-md, 2rem);padding-top:var(--global-kb-spacing-sm, 1.5rem);padding-bottom:var(--global-kb-spacing-sm, 1.5rem);grid-template-columns:minmax(0, 1fr);}.kb-row-layout-id9903_d1e1ed-78 > .kt-row-layout-overlay{opacity:0.30;}@media all and (max-width: 1024px){.kb-row-layout-id9903_d1e1ed-78 > .kt-row-column-wrap{grid-template-columns:minmax(0, 1fr);}}@media all and (max-width: 767px){.kb-row-layout-id9903_d1e1ed-78 > .kt-row-column-wrap{grid-template-columns:minmax(0, 1fr);}}<\/style><div class=\"kb-row-layout-wrap kb-row-layout-id9903_d1e1ed-78 alignnone wp-block-kadence-rowlayout\"><div class=\"kt-row-column-wrap kt-has-1-columns kt-row-layout-equal kt-tab-layout-inherit kt-mobile-layout-row kt-row-valign-top\">\n<style>.kadence-column9903_a26713-f8 > .kt-inside-inner-col,.kadence-column9903_a26713-f8 > .kt-inside-inner-col:before{border-top-left-radius:0px;border-top-right-radius:0px;border-bottom-right-radius:0px;border-bottom-left-radius:0px;}.kadence-column9903_a26713-f8 > .kt-inside-inner-col{column-gap:var(--global-kb-gap-sm, 1rem);}.kadence-column9903_a26713-f8 > .kt-inside-inner-col{flex-direction:column;}.kadence-column9903_a26713-f8 > .kt-inside-inner-col > .aligncenter{width:100%;}.kadence-column9903_a26713-f8 > .kt-inside-inner-col:before{opacity:0.3;}.kadence-column9903_a26713-f8{position:relative;}@media all and (max-width: 1024px){.kadence-column9903_a26713-f8 > .kt-inside-inner-col{flex-direction:column;justify-content:center;}}@media all and (max-width: 767px){.kadence-column9903_a26713-f8 > .kt-inside-inner-col{flex-direction:column;justify-content:center;}}<\/style>\n<div class=\"wp-block-kadence-column kadence-column9903_a26713-f8\"><div class=\"kt-inside-inner-col\">\n<section id=\"wp-news\" class=\"wp-news\">\n  <div class=\"wp-news__toolbar\">\n    <select id=\"newsCountry\" class=\"wp-news__select\" aria-label=\"Filter by country\">\n      <option value=\"\">\ud83c\udf0d All Countries<\/option>\n      <option value=\"belgium\">\ud83c\udde7\ud83c\uddea Belgium<\/option>\n      <option value=\"bolivia\">\ud83c\udde7\ud83c\uddf4 Bolivia<\/option>\n      <option value=\"bulgaria\">\ud83c\udde7\ud83c\uddec Bulgaria<\/option>\n      <option value=\"cambodia\">\ud83c\uddf0\ud83c\udded Cambodia<\/option>\n      <option value=\"croatia\">\ud83c\udded\ud83c\uddf7 Croatia<\/option>\n      <option value=\"denmark\">\ud83c\udde9\ud83c\uddf0 Denmark<\/option>\n      <option value=\"dominican-republic\">\ud83c\udde9\ud83c\uddf4 Dominican Republic<\/option>\n      <option value=\"egypt\">\ud83c\uddea\ud83c\uddec Egypt<\/option>\n      <option value=\"estonia\">\ud83c\uddea\ud83c\uddea Estonia<\/option>\n      <option value=\"european-union\">\ud83c\uddea\ud83c\uddfa European Union<\/option>\n      <option value=\"france\">\ud83c\uddeb\ud83c\uddf7 France<\/option>\n      <option value=\"germany\">\ud83c\udde9\ud83c\uddea Germany<\/option>\n      <option value=\"greece\">\ud83c\uddec\ud83c\uddf7 Greece<\/option>\n      <option value=\"hungary\">\ud83c\udded\ud83c\uddfa Hungary<\/option>\n      <option value=\"israel\">\ud83c\uddee\ud83c\uddf1 Israel<\/option>\n      <option value=\"italy\">\ud83c\uddee\ud83c\uddf9 Italy<\/option>\n      <option value=\"jp\">\ud83c\uddef\ud83c\uddf5 Japan<\/option>\n      <option value=\"jordan\">\ud83c\uddef\ud83c\uddf4 Jordan<\/option>\n      <option value=\"kazakhstan\">\ud83c\uddf0\ud83c\uddff Kazakhstan<\/option>\n      <option value=\"latvia\">\ud83c\uddf1\ud83c\uddfb Latvia<\/option>\n      <option value=\"lithuania\">\ud83c\uddf1\ud83c\uddf9 Lithuania<\/option>\n      <option value=\"malaysia\">\ud83c\uddf2\ud83c\uddfe Malaysia<\/option>\n      <option value=\"mexico\">\ud83c\uddf2\ud83c\uddfd Mexico<\/option>\n      <option value=\"moldova\">\ud83c\uddf2\ud83c\udde9 Moldova<\/option>\n      <option value=\"morocco\">\ud83c\uddf2\ud83c\udde6 Morocco<\/option>\n      <option value=\"netherlands\">\ud83c\uddf3\ud83c\uddf1 Netherlands<\/option>\n      <option value=\"zealand\">\ud83c\uddf3\ud83c\uddff New Zealand<\/option>\n      <option value=\"nigeria\">\ud83c\uddf3\ud83c\uddec Nigeria<\/option>\n      <option value=\"oman\">\ud83c\uddf4\ud83c\uddf2 Oman<\/option>\n      <option value=\"pakistan\">\ud83c\uddf5\ud83c\uddf0 Pakistan<\/option>\n      <option value=\"poland\">\ud83c\uddf5\ud83c\uddf1 Poland<\/option>\n      <option value=\"portugal\">\ud83c\uddf5\ud83c\uddf9 Portugal<\/option>\n      <option value=\"romania\">\ud83c\uddf7\ud83c\uddf4 Romania<\/option>\n      <option value=\"saudi-arabia\">\ud83c\uddf8\ud83c\udde6 Saudi Arabia<\/option>\n      <option value=\"serbia\">\ud83c\uddf7\ud83c\uddf8 Serbia<\/option>\n      <option value=\"singapore\">\ud83c\uddf8\ud83c\uddec Singapore<\/option>\n      <option value=\"slovakia\">\ud83c\uddf8\ud83c\uddf0 Slovakia<\/option>\n      <option value=\"slovenia\">\ud83c\uddf8\ud83c\uddee Slovenia<\/option>\n      <option value=\"spain\">\ud83c\uddea\ud83c\uddf8 Spain<\/option>\n      <option value=\"sweden\">\ud83c\uddf8\ud83c\uddea Sweden<\/option>\n      <option value=\"turkey\">\ud83c\uddf9\ud83c\uddf7 Turkey<\/option>\n      <option value=\"ukraine\">\ud83c\uddfa\ud83c\udde6 Ukraine<\/option>\n      <option value=\"united-arab-emirates\">\ud83c\udde6\ud83c\uddea United Arab Emirates<\/option>\n      <option value=\"uzbekistan\">\ud83c\uddfa\ud83c\uddff Uzbekistan<\/option>\n      <option value=\"zambia\">\ud83c\uddff\ud83c\uddf2 Zambia<\/option>\n    <\/select>\n  <\/div>\n<div id=\"newsList\" class=\"wp-news__list\"><\/div>\n<nav id=\"newsPager\" class=\"wp-news__pager\" aria-label=\"Pagination\"><\/nav>\n\n<\/section>\n\n<style>\n \/* ====== CONTAINER \/ TOOLBAR ====== *\/\n.wp-news{max-width:1100px;margin:0 auto}\n.wp-news__toolbar{display:flex;justify-content:flex-end;margin-bottom:3rem ;}\n.wp-news__select{padding:.6rem .9rem;border-bottom:1px solid #1f4fb9;min-width:260px}\n\n\/* H1 boyutu 25px *\/\n.wp-news h1{font-size:25px !important; line-height:1.25}\n\n\/* Kart ba\u015fl\u0131\u011f\u0131 da k\u00fc\u00e7\u00fcls\u00fcn *\/\n.news-title{margin:0 0 .4rem; font-size:1.15rem !important; line-height:1.3}\n\n\/* ====== LIST ====== *\/\n.wp-news__list{display:flex;flex-direction:column;gap:26px}\n\n\/* ====== CARD (%30 g\u00f6rsel \/ %70 i\u00e7erik) ====== *\/\n.news-card{\n  position:relative;\n  display:flex; gap:16px;\n  background:#fff; overflow:hidden;\n  align-items:stretch;\n}\n\/* Kartlar\u0131n ALTINA ince gri \u00e7izgi *\/\n.news-card:not(:last-child)::after{\n  content:\"\"; position:absolute; left:0; right:0; bottom:-13px; height:1px; ;\n}\n\n\/* Sol g\u00f6rsel alan\u0131: %30, dikey-ortal\u0131, k\u0131rpmas\u0131z *\/\n.news-thumb-side{\n  flex:0 0 30%; max-width:30%; min-width:200px;\n  display:flex; align-items:center; justify-content:center;\n}\n.news-thumb-side img{\n  display:block; max-width:100%; max-height:100%;\n  width:auto; height:auto; object-fit:contain;\nborder-radius:30px !important;\n\n}\n\n\/* Sa\u011f i\u00e7erik alan\u0131 *\/\n.news-body{flex:1 1 70%; min-width:0; display:flex; flex-direction:column; padding:16px}\n.news-title a{text-decoration:none; color:#14213d}\n.news-excerpt{color:#374151; margin:.2rem 0 .9rem}\n\n\/* Read More \u2014 hover\u2019da beyaz zemin, yaz\u0131 #083576 *\/\n.news-btn{\n  align-self:flex-start; display:inline-block;\n  background:#0d2f8b; color:#fff; padding:.22rem .5rem; border-radius:10px; text-decoration:none;\n  border:2px solid transparent; transition:all .15s ease;\n}\n.news-btn:hover, .news-btn:focus-visible{ background:#fff; color:#083576; border-color:#083576 }\n\n\/* ====== PAGINATION (renk: #083576) ====== *\/\n.wp-news__pager{display:flex; gap:10px; justify-content:center; margin:22px 0}\n.pager-btn{\n  display:inline-flex; align-items:center; justify-content:center;\n  min-width:40px; height:40px; padding:0 12px;\n  background:#fff; color:#083576; border:none; border-radius:10px;\n  font-size:16px; font-weight:700; line-height:1; letter-spacing:.2px;\n  cursor:pointer; transition:none; box-shadow:none;\n}\n\/* Yaln\u0131zca AKT\u0130F say\u0131da border olsun *\/\n.pager-btn.active{ background:#fff; color:#083576; border:2px solid #083576 }\n\/* Prev \/ Next geni\u015fli\u011fi *\/\n.wp-news__pager .pager-btn:first-child,\n.wp-news__pager .pager-btn:last-child{ min-width:70px }\n\/* Hover kapal\u0131, focus sade *\/\n.pager-btn:hover{ background:#fff; color:#083576 }\n.pager-btn:focus, .pager-btn:focus-visible{ outline:none; box-shadow:none }\n.pager-btn[disabled]{ opacity:.6; cursor:not-allowed; background:#f1f5fb; color:#64748b }\n\n\/* ====== MOBIL ====== *\/\n@media (max-width:700px){\n  .news-card{flex-direction:column}\n  .news-thumb-side{flex:0 0 auto; max-width:100%; min-width:0}\n}\n\n\n<\/style>\n<\/div><\/div>\n\n<\/div><\/div>","protected":false},"excerpt":{"rendered":"<p>Latest News \ud83c\udf0d All Countries\ud83c\udde7\ud83c\uddea Belgium\ud83c\udde7\ud83c\uddf4 Bolivia\ud83c\udde7\ud83c\uddec Bulgaria\ud83c\uddf0\ud83c\udded Cambodia\ud83c\udded\ud83c\uddf7 Croatia\ud83c\udde9\ud83c\uddf0 Denmark\ud83c\udde9\ud83c\uddf4 Dominican Republic\ud83c\uddea\ud83c\uddec Egypt\ud83c\uddea\ud83c\uddea Estonia\ud83c\uddea\ud83c\uddfa European Union\ud83c\uddeb\ud83c\uddf7 France\ud83c\udde9\ud83c\uddea Germany\ud83c\uddec\ud83c\uddf7 Greece\ud83c\udded\ud83c\uddfa Hungary\ud83c\uddee\ud83c\uddf1 Israel\ud83c\uddee\ud83c\uddf9 Italy\ud83c\uddef\ud83c\uddf5 Japan\ud83c\uddef\ud83c\uddf4 Jordan\ud83c\uddf0\ud83c\uddff Kazakhstan\ud83c\uddf1\ud83c\uddfb Latvia\ud83c\uddf1\ud83c\uddf9 Lithuania\ud83c\uddf2\ud83c\uddfe Malaysia\ud83c\uddf2\ud83c\uddfd Mexico\ud83c\uddf2\ud83c\udde9 Moldova\ud83c\uddf2\ud83c\udde6 Morocco\ud83c\uddf3\ud83c\uddf1 Netherlands\ud83c\uddf3\ud83c\uddff New Zealand\ud83c\uddf3\ud83c\uddec Nigeria\ud83c\uddf4\ud83c\uddf2 Oman\ud83c\uddf5\ud83c\uddf0 Pakistan\ud83c\uddf5\ud83c\uddf1 Poland\ud83c\uddf5\ud83c\uddf9 Portugal\ud83c\uddf7\ud83c\uddf4 Romania\ud83c\uddf8\ud83c\udde6 Saudi Arabia\ud83c\uddf7\ud83c\uddf8 Serbia\ud83c\uddf8\ud83c\uddec Singapore\ud83c\uddf8\ud83c\uddf0 Slovakia\ud83c\uddf8\ud83c\uddee Slovenia\ud83c\uddea\ud83c\uddf8 Spain\ud83c\uddf8\ud83c\uddea Sweden\ud83c\uddf9\ud83c\uddf7 Turkey\ud83c\uddfa\ud83c\udde6 Ukraine\ud83c\udde6\ud83c\uddea United Arab Emirates\ud83c\uddfa\ud83c\uddff Uzbekistan\ud83c\uddff\ud83c\uddf2 [&hellip;]<\/p>\n","protected":false},"author":263848013,"featured_media":0,"parent":0,"menu_order":0,"comment_status":"closed","ping_status":"closed","template":"","meta":{"_acf_changed":false,"_coblocks_attr":"","_coblocks_dimensions":"","_coblocks_responsive_height":"","_coblocks_accordion_ie_support":"","_crdt_document":"","_uag_custom_page_level_css":"","site-sidebar-layout":"default","site-content-layout":"","ast-site-content-layout":"default","site-content-style":"default","site-sidebar-style":"default","ast-global-header-display":"","ast-banner-title-visibility":"","ast-main-header-display":"","ast-hfb-above-header-display":"","ast-hfb-below-header-display":"","ast-hfb-mobile-header-display":"","site-post-title":"disabled","ast-breadcrumbs-content":"","ast-featured-img":"","footer-sml-layout":"","ast-disable-related-posts":"","theme-transparent-header-meta":"","adv-header-id-meta":"","stick-header-meta":"","header-above-stick-meta":"","header-main-stick-meta":"","header-below-stick-meta":"","astra-migrate-meta-layouts":"set","ast-page-background-enabled":"default","ast-page-background-meta":{"desktop":{"background-color":"","background-image":"","background-repeat":"repeat","background-position":"center center","background-size":"auto","background-attachment":"scroll","background-type":"","background-media":"","overlay-type":"","overlay-color":"","overlay-opacity":"","overlay-gradient":""},"tablet":{"background-color":"","background-image":"","background-repeat":"repeat","background-position":"center center","background-size":"auto","background-attachment":"scroll","background-type":"","background-media":"","overlay-type":"","overlay-color":"","overlay-opacity":"","overlay-gradient":""},"mobile":{"background-color":"","background-image":"","background-repeat":"repeat","background-position":"center center","background-size":"auto","background-attachment":"scroll","background-type":"","background-media":"","overlay-type":"","overlay-color":"","overlay-opacity":"","overlay-gradient":""}},"ast-content-background-meta":{"desktop":{"background-color":"var(--ast-global-color-5)","background-image":"","background-repeat":"repeat","background-position":"center center","background-size":"auto","background-attachment":"scroll","background-type":"","background-media":"","overlay-type":"","overlay-color":"","overlay-opacity":"","overlay-gradient":""},"tablet":{"background-color":"var(--ast-global-color-5)","background-image":"","background-repeat":"repeat","background-position":"center center","background-size":"auto","background-attachment":"scroll","background-type":"","background-media":"","overlay-type":"","overlay-color":"","overlay-opacity":"","overlay-gradient":""},"mobile":{"background-color":"var(--ast-global-color-5)","background-image":"","background-repeat":"repeat","background-position":"center center","background-size":"auto","background-attachment":"scroll","background-type":"","background-media":"","overlay-type":"","overlay-color":"","overlay-opacity":"","overlay-gradient":""}},"footnotes":""},"class_list":["post-9903","page","type-page","status-publish","hentry"],"acf":[],"uagb_featured_image_src":{"full":false,"thumbnail":false,"medium":false,"medium_large":false,"large":false,"1536x1536":false,"2048x2048":false,"trp-custom-language-flag":false,"smart-post-landscape":false,"smart-post-portrait":false,"newspack-article-block-landscape-large":false,"newspack-article-block-portrait-large":false,"newspack-article-block-square-large":false,"newspack-article-block-landscape-medium":false,"newspack-article-block-portrait-medium":false,"newspack-article-block-square-medium":false,"newspack-article-block-landscape-intermediate":false,"newspack-article-block-portrait-intermediate":false,"newspack-article-block-square-intermediate":false,"newspack-article-block-landscape-small":false,"newspack-article-block-portrait-small":false,"newspack-article-block-square-small":false,"newspack-article-block-landscape-tiny":false,"newspack-article-block-portrait-tiny":false,"newspack-article-block-square-tiny":false,"newspack-article-block-uncropped":false},"uagb_author_info":{"display_name":"einvoicegermany.com","author_link":"https:\/\/docnova.ai\/fr\/author\/infoac085428475\/"},"uagb_comment_info":0,"uagb_excerpt":"Latest News \ud83c\udf0d All Countries\ud83c\udde7\ud83c\uddea Belgium\ud83c\udde7\ud83c\uddf4 Bolivia\ud83c\udde7\ud83c\uddec Bulgaria\ud83c\uddf0\ud83c\udded Cambodia\ud83c\udded\ud83c\uddf7 Croatia\ud83c\udde9\ud83c\uddf0 Denmark\ud83c\udde9\ud83c\uddf4 Dominican Republic\ud83c\uddea\ud83c\uddec Egypt\ud83c\uddea\ud83c\uddea Estonia\ud83c\uddea\ud83c\uddfa European Union\ud83c\uddeb\ud83c\uddf7 France\ud83c\udde9\ud83c\uddea Germany\ud83c\uddec\ud83c\uddf7 Greece\ud83c\udded\ud83c\uddfa Hungary\ud83c\uddee\ud83c\uddf1 Israel\ud83c\uddee\ud83c\uddf9 Italy\ud83c\uddef\ud83c\uddf5 Japan\ud83c\uddef\ud83c\uddf4 Jordan\ud83c\uddf0\ud83c\uddff Kazakhstan\ud83c\uddf1\ud83c\uddfb Latvia\ud83c\uddf1\ud83c\uddf9 Lithuania\ud83c\uddf2\ud83c\uddfe Malaysia\ud83c\uddf2\ud83c\uddfd Mexico\ud83c\uddf2\ud83c\udde9 Moldova\ud83c\uddf2\ud83c\udde6 Morocco\ud83c\uddf3\ud83c\uddf1 Netherlands\ud83c\uddf3\ud83c\uddff New Zealand\ud83c\uddf3\ud83c\uddec Nigeria\ud83c\uddf4\ud83c\uddf2 Oman\ud83c\uddf5\ud83c\uddf0 Pakistan\ud83c\uddf5\ud83c\uddf1 Poland\ud83c\uddf5\ud83c\uddf9 Portugal\ud83c\uddf7\ud83c\uddf4 Romania\ud83c\uddf8\ud83c\udde6 Saudi Arabia\ud83c\uddf7\ud83c\uddf8 Serbia\ud83c\uddf8\ud83c\uddec Singapore\ud83c\uddf8\ud83c\uddf0 Slovakia\ud83c\uddf8\ud83c\uddee Slovenia\ud83c\uddea\ud83c\uddf8 Spain\ud83c\uddf8\ud83c\uddea Sweden\ud83c\uddf9\ud83c\uddf7 Turkey\ud83c\uddfa\ud83c\udde6 Ukraine\ud83c\udde6\ud83c\uddea United Arab Emirates\ud83c\uddfa\ud83c\uddff Uzbekistan\ud83c\uddff\ud83c\uddf2\u2026","jetpack_likes_enabled":true,"jetpack_sharing_enabled":true,"jetpack_shortlink":"https:\/\/wp.me\/PgxCJX-2zJ","_links":{"self":[{"href":"https:\/\/docnova.ai\/fr\/wp-json\/wp\/v2\/pages\/9903","targetHints":{"allow":["GET"]}}],"collection":[{"href":"https:\/\/docnova.ai\/fr\/wp-json\/wp\/v2\/pages"}],"about":[{"href":"https:\/\/docnova.ai\/fr\/wp-json\/wp\/v2\/types\/page"}],"author":[{"embeddable":true,"href":"https:\/\/docnova.ai\/fr\/wp-json\/wp\/v2\/users\/263848013"}],"replies":[{"embeddable":true,"href":"https:\/\/docnova.ai\/fr\/wp-json\/wp\/v2\/comments?post=9903"}],"version-history":[{"count":81,"href":"https:\/\/docnova.ai\/fr\/wp-json\/wp\/v2\/pages\/9903\/revisions"}],"predecessor-version":[{"id":14654,"href":"https:\/\/docnova.ai\/fr\/wp-json\/wp\/v2\/pages\/9903\/revisions\/14654"}],"wp:attachment":[{"href":"https:\/\/docnova.ai\/fr\/wp-json\/wp\/v2\/media?parent=9903"}],"curies":[{"name":"wp","href":"https:\/\/api.w.org\/{rel}","templated":true}]}}